{"id":2,"date":"2025-09-16T10:47:49","date_gmt":"2025-09-16T10:47:49","guid":{"rendered":"https:\/\/distrofijaart.wpenginepowered.com\/?page_id=2"},"modified":"2025-09-23T10:44:58","modified_gmt":"2025-09-23T10:44:58","slug":"sample-page","status":"publish","type":"page","link":"https:\/\/udruzenjedistroficara.rs\/","title":{"rendered":"O nama"},"content":{"rendered":"\n<p>Udru\u017eenje distrofi\u010dara Beograda osnovala je Olivera Jandri\u0107 davne 1973. godine. Ono danas predstavlja jednu od najstarijih organizacija osoba sa invaliditetom na ovim prostorima. <\/p>\n\n\n\n<p>Udru\u017eenje je humanitarna organizacija od posebnog dru\u0161tvenog zna\u010daja koja okuplja osobe obolele od mi\u0161i\u0107ne distrofije i srodnih neuromi\u0161i\u0107nih oboljenja sa ciljem da javno uka\u017ee na probleme koje sa sobom nose ove bolesti i ima stalni zadatak da afirmi\u0161e i pokre\u0107e re\u0161avanje svih problema koje mi\u0161i\u0107ne distrofije donose \u010doveku, njegovoj porodici i dru\u0161tvu.<\/p>\n\n\n\n<p>Nakon godina predanog rada na ostvarivanju prava OSI, \u010dlanovi tima osmelili su se da pokrenu nove aktivnosti za sve \u010dlanove.<\/p>\n\n\n\n<p>Danas imamo Teatar UDB, sportski klub UDB, \u0161ahovske turnire, letnji kamp za mlade i mnogo drugih aktivnosti koju su osmi\u0161ljene tako da uklju\u010de i osna\u017ee \u010dlanove i njihove porodice.<\/p>\n\n\n\n<p class=\"has-text-align-center\"><strong>&#8220;Moj cilj je jednostavan. To je potpuno razumevanje univerzuma, za\u0161to je takav kakav jeste i za\u0161to uop\u0161te postoji.&#8220; &#8211;  Stiven Hoking<\/strong><\/p>\n\n\n\n<p><\/p>\n\n\n\n<h2 class=\"wp-block-heading has-text-align-center\">Imam pravo da znam &#8211; praktikum o pravima OSI<\/h2>\n\n\n\n<p>Praktikum &#8220;Imam pravo da znam kako da postanem vitez visokog \u0161altera&#8220; o ostvarivanju prava osoba sa invaliditetom, sa akcentom na obolele od neuromi\u0161i\u0107nih bolesti, nastao je u okviru programa Imam pravo da znam koji je finansirao Sekretarijat za socijalnu za\u0161titu, kao potreba da osnovna prava OSI budu opisana na jednom mestu. <\/p>\n\n\n\n<div data-wp-interactive=\"core\/file\" class=\"wp-block-file\"><object data-wp-bind--hidden=\"!state.hasPdfPreview\" hidden class=\"wp-block-file__embed\" data=\"https:\/\/udruzenjedistroficara.rs\/wp-content\/uploads\/2025\/09\/IMAM-PRAVO-DA-ZNAM-Vitez-visokog-saltera-2.pdf\" type=\"application\/pdf\" style=\"width:100%;height:600px\" aria-label=\"\u0423\u0433\u043d\u0435\u0437\u0434\u0438\u0442\u0438 IMAM PRAVO DA ZNAM - Vitez visokog \u0161altera.\"><\/object><a id=\"wp-block-file--media-686233e2-11f1-4a1a-9107-85ffbbce1477\" href=\"https:\/\/udruzenjedistroficara.rs\/wp-content\/uploads\/2025\/09\/IMAM-PRAVO-DA-ZNAM-Vitez-visokog-saltera-2.pdf\">IMAM PRAVO DA ZNAM &#8211; Vitez visokog \u0161altera<\/a><a href=\"https:\/\/udruzenjedistroficara.rs\/wp-content\/uploads\/2025\/09\/IMAM-PRAVO-DA-ZNAM-Vitez-visokog-saltera-2.pdf\" class=\"wp-block-file__button wp-element-button\" download aria-describedby=\"wp-block-file--media-686233e2-11f1-4a1a-9107-85ffbbce1477\">\u041f\u0440\u0435\u0443\u0437\u043c\u0438<\/a><\/div>\n","protected":false},"excerpt":{"rendered":"<p>Udru\u017eenje distrofi\u010dara Beograda osnovala je Olivera Jandri\u0107 davne 1973. godine. Ono danas predstavlja jednu od najstarijih organizacija osoba sa invaliditetom na ovim prostorima. Udru\u017eenje je humanitarna organizacija od posebnog dru\u0161tvenog zna\u010daja koja okuplja osobe obolele od mi\u0161i\u0107ne distrofije i srodnih neuromi\u0161i\u0107nih oboljenja sa ciljem da javno uka\u017ee na probleme koje sa sobom nose ove bolesti &hellip;<\/p>\n","protected":false},"author":1,"featured_media":96,"parent":0,"menu_order":0,"comment_status":"closed","ping_status":"closed","template":"","meta":{"_genesis_block_theme_hide_title":false,"footnotes":""},"class_list":["post-2","page","type-page","status-publish","has-post-thumbnail","hentry","post","with-featured-image"],"yoast_head":"<!-- This site is optimized with the Yoast SEO plugin v27.0 - https:\/\/yoast.com\/product\/yoast-seo-wordpress\/ -->\n<title>O nama -<\/title>\n<meta name=\"robots\" content=\"index, follow, max-snippet:-1, max-image-preview:large, max-video-preview:-1\" \/>\n<link rel=\"canonical\" href=\"https:\/\/udruzenjedistroficara.rs\/\" \/>\n<meta property=\"og:locale\" content=\"sr_RS\" \/>\n<meta property=\"og:type\" content=\"article\" \/>\n<meta property=\"og:title\" content=\"O nama -\" \/>\n<meta property=\"og:description\" content=\"Udru\u017eenje distrofi\u010dara Beograda osnovala je Olivera Jandri\u0107 davne 1973. godine. Ono danas predstavlja jednu od najstarijih organizacija osoba sa invaliditetom na ovim prostorima. Udru\u017eenje je humanitarna organizacija od posebnog dru\u0161tvenog zna\u010daja koja okuplja osobe obolele od mi\u0161i\u0107ne distrofije i srodnih neuromi\u0161i\u0107nih oboljenja sa ciljem da javno uka\u017ee na probleme koje sa sobom nose ove bolesti &hellip;\" \/>\n<meta property=\"og:url\" content=\"https:\/\/udruzenjedistroficara.rs\/\" \/>\n<meta property=\"article:modified_time\" content=\"2025-09-23T10:44:58+00:00\" \/>\n<meta property=\"og:image\" content=\"https:\/\/udruzenjedistroficara.rs\/wp-content\/uploads\/2025\/09\/udb_logo-main_white_transparent-1.png\" \/>\n\t<meta property=\"og:image:width\" content=\"842\" \/>\n\t<meta property=\"og:image:height\" content=\"595\" \/>\n\t<meta property=\"og:image:type\" content=\"image\/png\" \/>\n<meta name=\"twitter:card\" content=\"summary_large_image\" \/>\n<meta name=\"twitter:label1\" content=\"\u041f\u0440\u043e\u0446\u0435\u045a\u0435\u043d\u043e \u0432\u0440\u0435\u043c\u0435 \u0447\u0438\u0442\u0430\u045a\u0430\" \/>\n\t<meta name=\"twitter:data1\" content=\"1 \u043c\u0438\u043d\u0443\u0442\" \/>\n<script type=\"application\/ld+json\" class=\"yoast-schema-graph\">{\"@context\":\"https:\/\/schema.org\",\"@graph\":[{\"@type\":\"WebPage\",\"@id\":\"https:\/\/udruzenjedistroficara.rs\/\",\"url\":\"https:\/\/udruzenjedistroficara.rs\/\",\"name\":\"O nama -\",\"isPartOf\":{\"@id\":\"https:\/\/udruzenjedistroficara.rs\/#website\"},\"primaryImageOfPage\":{\"@id\":\"https:\/\/udruzenjedistroficara.rs\/#primaryimage\"},\"image\":{\"@id\":\"https:\/\/udruzenjedistroficara.rs\/#primaryimage\"},\"thumbnailUrl\":\"https:\/\/udruzenjedistroficara.rs\/wp-content\/uploads\/2025\/09\/udb_logo-main_white_transparent-1.png\",\"datePublished\":\"2025-09-16T10:47:49+00:00\",\"dateModified\":\"2025-09-23T10:44:58+00:00\",\"breadcrumb\":{\"@id\":\"https:\/\/udruzenjedistroficara.rs\/#breadcrumb\"},\"inLanguage\":\"sr-RS\",\"potentialAction\":[{\"@type\":\"ReadAction\",\"target\":[\"https:\/\/udruzenjedistroficara.rs\/\"]}]},{\"@type\":\"ImageObject\",\"inLanguage\":\"sr-RS\",\"@id\":\"https:\/\/udruzenjedistroficara.rs\/#primaryimage\",\"url\":\"https:\/\/udruzenjedistroficara.rs\/wp-content\/uploads\/2025\/09\/udb_logo-main_white_transparent-1.png\",\"contentUrl\":\"https:\/\/udruzenjedistroficara.rs\/wp-content\/uploads\/2025\/09\/udb_logo-main_white_transparent-1.png\",\"width\":842,\"height\":595},{\"@type\":\"BreadcrumbList\",\"@id\":\"https:\/\/udruzenjedistroficara.rs\/#breadcrumb\",\"itemListElement\":[{\"@type\":\"ListItem\",\"position\":1,\"name\":\"Home\",\"item\":\"https:\/\/udruzenjedistroficara.rs\/\"},{\"@type\":\"ListItem\",\"position\":2,\"name\":\"O nama\"}]},{\"@type\":\"WebSite\",\"@id\":\"https:\/\/udruzenjedistroficara.rs\/#website\",\"url\":\"https:\/\/udruzenjedistroficara.rs\/\",\"name\":\"\",\"description\":\"\",\"potentialAction\":[{\"@type\":\"SearchAction\",\"target\":{\"@type\":\"EntryPoint\",\"urlTemplate\":\"https:\/\/udruzenjedistroficara.rs\/?s={search_term_string}\"},\"query-input\":{\"@type\":\"PropertyValueSpecification\",\"valueRequired\":true,\"valueName\":\"search_term_string\"}}],\"inLanguage\":\"sr-RS\"}]}<\/script>\n<!-- \/ Yoast SEO plugin. -->","yoast_head_json":{"title":"O nama -","robots":{"index":"index","follow":"follow","max-snippet":"max-snippet:-1","max-image-preview":"max-image-preview:large","max-video-preview":"max-video-preview:-1"},"canonical":"https:\/\/udruzenjedistroficara.rs\/","og_locale":"sr_RS","og_type":"article","og_title":"O nama -","og_description":"Udru\u017eenje distrofi\u010dara Beograda osnovala je Olivera Jandri\u0107 davne 1973. godine. Ono danas predstavlja jednu od najstarijih organizacija osoba sa invaliditetom na ovim prostorima. Udru\u017eenje je humanitarna organizacija od posebnog dru\u0161tvenog zna\u010daja koja okuplja osobe obolele od mi\u0161i\u0107ne distrofije i srodnih neuromi\u0161i\u0107nih oboljenja sa ciljem da javno uka\u017ee na probleme koje sa sobom nose ove bolesti &hellip;","og_url":"https:\/\/udruzenjedistroficara.rs\/","article_modified_time":"2025-09-23T10:44:58+00:00","og_image":[{"width":842,"height":595,"url":"https:\/\/udruzenjedistroficara.rs\/wp-content\/uploads\/2025\/09\/udb_logo-main_white_transparent-1.png","type":"image\/png"}],"twitter_card":"summary_large_image","twitter_misc":{"\u041f\u0440\u043e\u0446\u0435\u045a\u0435\u043d\u043e \u0432\u0440\u0435\u043c\u0435 \u0447\u0438\u0442\u0430\u045a\u0430":"1 \u043c\u0438\u043d\u0443\u0442"},"schema":{"@context":"https:\/\/schema.org","@graph":[{"@type":"WebPage","@id":"https:\/\/udruzenjedistroficara.rs\/","url":"https:\/\/udruzenjedistroficara.rs\/","name":"O nama -","isPartOf":{"@id":"https:\/\/udruzenjedistroficara.rs\/#website"},"primaryImageOfPage":{"@id":"https:\/\/udruzenjedistroficara.rs\/#primaryimage"},"image":{"@id":"https:\/\/udruzenjedistroficara.rs\/#primaryimage"},"thumbnailUrl":"https:\/\/udruzenjedistroficara.rs\/wp-content\/uploads\/2025\/09\/udb_logo-main_white_transparent-1.png","datePublished":"2025-09-16T10:47:49+00:00","dateModified":"2025-09-23T10:44:58+00:00","breadcrumb":{"@id":"https:\/\/udruzenjedistroficara.rs\/#breadcrumb"},"inLanguage":"sr-RS","potentialAction":[{"@type":"ReadAction","target":["https:\/\/udruzenjedistroficara.rs\/"]}]},{"@type":"ImageObject","inLanguage":"sr-RS","@id":"https:\/\/udruzenjedistroficara.rs\/#primaryimage","url":"https:\/\/udruzenjedistroficara.rs\/wp-content\/uploads\/2025\/09\/udb_logo-main_white_transparent-1.png","contentUrl":"https:\/\/udruzenjedistroficara.rs\/wp-content\/uploads\/2025\/09\/udb_logo-main_white_transparent-1.png","width":842,"height":595},{"@type":"BreadcrumbList","@id":"https:\/\/udruzenjedistroficara.rs\/#breadcrumb","itemListElement":[{"@type":"ListItem","position":1,"name":"Home","item":"https:\/\/udruzenjedistroficara.rs\/"},{"@type":"ListItem","position":2,"name":"O nama"}]},{"@type":"WebSite","@id":"https:\/\/udruzenjedistroficara.rs\/#website","url":"https:\/\/udruzenjedistroficara.rs\/","name":"","description":"","potentialAction":[{"@type":"SearchAction","target":{"@type":"EntryPoint","urlTemplate":"https:\/\/udruzenjedistroficara.rs\/?s={search_term_string}"},"query-input":{"@type":"PropertyValueSpecification","valueRequired":true,"valueName":"search_term_string"}}],"inLanguage":"sr-RS"}]}},"featured_image_src":"https:\/\/udruzenjedistroficara.rs\/wp-content\/uploads\/2025\/09\/udb_logo-main_white_transparent-1-600x400.png","featured_image_src_square":"https:\/\/udruzenjedistroficara.rs\/wp-content\/uploads\/2025\/09\/udb_logo-main_white_transparent-1-600x595.png","_links":{"self":[{"href":"https:\/\/udruzenjedistroficara.rs\/index.php?rest_route=\/wp\/v2\/pages\/2","targetHints":{"allow":["GET"]}}],"collection":[{"href":"https:\/\/udruzenjedistroficara.rs\/index.php?rest_route=\/wp\/v2\/pages"}],"about":[{"href":"https:\/\/udruzenjedistroficara.rs\/index.php?rest_route=\/wp\/v2\/types\/page"}],"author":[{"embeddable":true,"href":"https:\/\/udruzenjedistroficara.rs\/index.php?rest_route=\/wp\/v2\/users\/1"}],"replies":[{"embeddable":true,"href":"https:\/\/udruzenjedistroficara.rs\/index.php?rest_route=%2Fwp%2Fv2%2Fcomments&post=2"}],"version-history":[{"count":0,"href":"https:\/\/udruzenjedistroficara.rs\/index.php?rest_route=\/wp\/v2\/pages\/2\/revisions"}],"wp:featuredmedia":[{"embeddable":true,"href":"https:\/\/udruzenjedistroficara.rs\/index.php?rest_route=\/wp\/v2\/media\/96"}],"wp:attachment":[{"href":"https:\/\/udruzenjedistroficara.rs\/index.php?rest_route=%2Fwp%2Fv2%2Fmedia&parent=2"}],"curies":[{"name":"wp","href":"https:\/\/api.w.org\/{rel}","templated":true}]}}