{"id":111,"date":"2025-10-15T11:32:15","date_gmt":"2025-10-15T11:32:15","guid":{"rendered":"https:\/\/udruzenjedistroficara.rs\/?page_id=111"},"modified":"2026-01-16T12:51:50","modified_gmt":"2026-01-16T12:51:50","slug":"udb-grupa","status":"publish","type":"page","link":"https:\/\/udruzenjedistroficara.rs\/?page_id=111","title":{"rendered":"UDB \u0161tampa"},"content":{"rendered":"\n<p><strong>O nama<\/strong>&nbsp;<\/p>\n\n\n\n<p>UDB Grupa doo Beograd posluje od 13.1.2006. godine a osnovano je na Skup\u0161tini Udru\u017eenja distrofi\u010dara Beograda kao preduze\u0107e za zapo\u0161ljavanje osoba sa invaliditetom.<\/p>\n\n\n\n<p>Preduze\u0107e se bavi grafi\u010dkim dizajnom, pripremom za \u0161tampu i \u0161tampom, jer je opremljeno ma\u0161inama ali i timom koji je u svakom trenutku je spreman da odgovori na sve zahteve tr\u017eista i svojih klijenata. Ono \u010dime mo\u017eemo da se pohvalimo je briga o zaposlenima kroz ulaganje u njihovo obrazovanje.<\/p>\n\n\n\n<p>UDB Grupa poseduje fotokopirnicu i \u0161tampariju. U zavisnosti od potreba, dokumenta mo\u017eete fotokopirati i u boji, a vr\u0161imo i uslugu skeniranja do formata A3 ali i \u0161tampe i kori\u010denja. Imamo program za o\u010ditavanje dokumenata, pa je i ova usluga dostupna. Ukoliko je potrebno da se za va\u0161u firmu osmisli logo, na\u0161 Kreativni tim posveti\u0107e punu pa\u017enju kako bi iza\u0161ao u susret va\u0161im o\u010dekivanjima.  Pored svega navedenog nudimo i standardne usluge \u0161tamparije &#8211;  spiralno i \u017ei\u010dano kori\u010denje, bigovanje, klamovanje..<\/p>\n\n\n\n<p>Ukoliko ne\u0161to nismo naveli, pozovite da ili nam uputite pitanja na dole navedeni mail.<\/p>\n\n\n\n<p><strong>Radujemo se saradnji!<\/strong><\/p>\n\n\n\n<div data-wp-interactive=\"core\/file\" class=\"wp-block-file\"><object data-wp-bind--hidden=\"!state.hasPdfPreview\" hidden class=\"wp-block-file__embed\" data=\"https:\/\/udruzenjedistroficara.rs\/wp-content\/uploads\/2026\/01\/Cenovnik-UDB-Grupa-2026.pdf\" type=\"application\/pdf\" style=\"width:100%;height:600px\" aria-label=\"\u0423\u0433\u043d\u0435\u0437\u0434\u0438\u0442\u0438 Cenovnik UDB Grupa 2026.\"><\/object><a id=\"wp-block-file--media-8a9cf65f-aa43-41e4-9558-4a53f5ad500e\" href=\"https:\/\/udruzenjedistroficara.rs\/wp-content\/uploads\/2026\/01\/Cenovnik-UDB-Grupa-2026.pdf\">Cenovnik UDB Grupa 2026<\/a><a href=\"https:\/\/udruzenjedistroficara.rs\/wp-content\/uploads\/2026\/01\/Cenovnik-UDB-Grupa-2026.pdf\" class=\"wp-block-file__button wp-element-button\" download aria-describedby=\"wp-block-file--media-8a9cf65f-aa43-41e4-9558-4a53f5ad500e\">\u041f\u0440\u0435\u0443\u0437\u043c\u0438<\/a><\/div>\n\n\n\n<figure class=\"wp-block-gallery has-nested-images columns-default is-cropped wp-block-gallery-1 is-layout-flex wp-block-gallery-is-layout-flex\">\n<figure class=\"wp-block-image size-large\"><img loading=\"lazy\" decoding=\"async\" width=\"1024\" height=\"768\" data-id=\"116\" src=\"https:\/\/udruzenjedistroficara.rs\/wp-content\/uploads\/2025\/10\/IMG-7d53afa71496bbf35c5cf49fb2fe62a7-V-1024x768.jpg\" alt=\"\" class=\"wp-image-116\" srcset=\"https:\/\/udruzenjedistroficara.rs\/wp-content\/uploads\/2025\/10\/IMG-7d53afa71496bbf35c5cf49fb2fe62a7-V-1024x768.jpg 1024w, https:\/\/udruzenjedistroficara.rs\/wp-content\/uploads\/2025\/10\/IMG-7d53afa71496bbf35c5cf49fb2fe62a7-V-300x225.jpg 300w, https:\/\/udruzenjedistroficara.rs\/wp-content\/uploads\/2025\/10\/IMG-7d53afa71496bbf35c5cf49fb2fe62a7-V-768x576.jpg 768w, https:\/\/udruzenjedistroficara.rs\/wp-content\/uploads\/2025\/10\/IMG-7d53afa71496bbf35c5cf49fb2fe62a7-V-1536x1152.jpg 1536w, https:\/\/udruzenjedistroficara.rs\/wp-content\/uploads\/2025\/10\/IMG-7d53afa71496bbf35c5cf49fb2fe62a7-V-1200x900.jpg 1200w, https:\/\/udruzenjedistroficara.rs\/wp-content\/uploads\/2025\/10\/IMG-7d53afa71496bbf35c5cf49fb2fe62a7-V-1400x1050.jpg 1400w, https:\/\/udruzenjedistroficara.rs\/wp-content\/uploads\/2025\/10\/IMG-7d53afa71496bbf35c5cf49fb2fe62a7-V.jpg 1600w\" sizes=\"auto, (max-width: 1024px) 100vw, 1024px\" \/><\/figure>\n\n\n\n<figure class=\"wp-block-image size-large\"><img loading=\"lazy\" decoding=\"async\" width=\"1024\" height=\"768\" data-id=\"118\" src=\"https:\/\/udruzenjedistroficara.rs\/wp-content\/uploads\/2025\/10\/IMG-9df5adab72310e60f3819fa4be12c2ab-V-1-1024x768.jpg\" alt=\"\" class=\"wp-image-118\" srcset=\"https:\/\/udruzenjedistroficara.rs\/wp-content\/uploads\/2025\/10\/IMG-9df5adab72310e60f3819fa4be12c2ab-V-1-1024x768.jpg 1024w, https:\/\/udruzenjedistroficara.rs\/wp-content\/uploads\/2025\/10\/IMG-9df5adab72310e60f3819fa4be12c2ab-V-1-300x225.jpg 300w, https:\/\/udruzenjedistroficara.rs\/wp-content\/uploads\/2025\/10\/IMG-9df5adab72310e60f3819fa4be12c2ab-V-1-768x576.jpg 768w, https:\/\/udruzenjedistroficara.rs\/wp-content\/uploads\/2025\/10\/IMG-9df5adab72310e60f3819fa4be12c2ab-V-1-1536x1152.jpg 1536w, https:\/\/udruzenjedistroficara.rs\/wp-content\/uploads\/2025\/10\/IMG-9df5adab72310e60f3819fa4be12c2ab-V-1-1200x900.jpg 1200w, https:\/\/udruzenjedistroficara.rs\/wp-content\/uploads\/2025\/10\/IMG-9df5adab72310e60f3819fa4be12c2ab-V-1-1400x1050.jpg 1400w, https:\/\/udruzenjedistroficara.rs\/wp-content\/uploads\/2025\/10\/IMG-9df5adab72310e60f3819fa4be12c2ab-V-1.jpg 1600w\" sizes=\"auto, (max-width: 1024px) 100vw, 1024px\" \/><\/figure>\n\n\n\n<figure class=\"wp-block-image size-large\"><img loading=\"lazy\" decoding=\"async\" width=\"1024\" height=\"768\" data-id=\"117\" src=\"https:\/\/udruzenjedistroficara.rs\/wp-content\/uploads\/2025\/10\/IMG-9edb63b7b9a0a3b7d046fcaf93e504b8-V-1024x768.jpg\" alt=\"\" class=\"wp-image-117\" srcset=\"https:\/\/udruzenjedistroficara.rs\/wp-content\/uploads\/2025\/10\/IMG-9edb63b7b9a0a3b7d046fcaf93e504b8-V-1024x768.jpg 1024w, https:\/\/udruzenjedistroficara.rs\/wp-content\/uploads\/2025\/10\/IMG-9edb63b7b9a0a3b7d046fcaf93e504b8-V-300x225.jpg 300w, https:\/\/udruzenjedistroficara.rs\/wp-content\/uploads\/2025\/10\/IMG-9edb63b7b9a0a3b7d046fcaf93e504b8-V-768x576.jpg 768w, https:\/\/udruzenjedistroficara.rs\/wp-content\/uploads\/2025\/10\/IMG-9edb63b7b9a0a3b7d046fcaf93e504b8-V-1536x1152.jpg 1536w, https:\/\/udruzenjedistroficara.rs\/wp-content\/uploads\/2025\/10\/IMG-9edb63b7b9a0a3b7d046fcaf93e504b8-V-1200x900.jpg 1200w, https:\/\/udruzenjedistroficara.rs\/wp-content\/uploads\/2025\/10\/IMG-9edb63b7b9a0a3b7d046fcaf93e504b8-V-1400x1050.jpg 1400w, https:\/\/udruzenjedistroficara.rs\/wp-content\/uploads\/2025\/10\/IMG-9edb63b7b9a0a3b7d046fcaf93e504b8-V.jpg 1600w\" sizes=\"auto, (max-width: 1024px) 100vw, 1024px\" \/><\/figure>\n\n\n\n<figure class=\"wp-block-image size-large\"><img loading=\"lazy\" decoding=\"async\" width=\"1024\" height=\"768\" data-id=\"122\" src=\"https:\/\/udruzenjedistroficara.rs\/wp-content\/uploads\/2025\/10\/IMG-968e82a6d5b89076e2c1bf523744713f-V-1024x768.jpg\" alt=\"\" class=\"wp-image-122\" srcset=\"https:\/\/udruzenjedistroficara.rs\/wp-content\/uploads\/2025\/10\/IMG-968e82a6d5b89076e2c1bf523744713f-V-1024x768.jpg 1024w, https:\/\/udruzenjedistroficara.rs\/wp-content\/uploads\/2025\/10\/IMG-968e82a6d5b89076e2c1bf523744713f-V-300x225.jpg 300w, https:\/\/udruzenjedistroficara.rs\/wp-content\/uploads\/2025\/10\/IMG-968e82a6d5b89076e2c1bf523744713f-V-768x576.jpg 768w, https:\/\/udruzenjedistroficara.rs\/wp-content\/uploads\/2025\/10\/IMG-968e82a6d5b89076e2c1bf523744713f-V-1536x1152.jpg 1536w, https:\/\/udruzenjedistroficara.rs\/wp-content\/uploads\/2025\/10\/IMG-968e82a6d5b89076e2c1bf523744713f-V-1200x900.jpg 1200w, https:\/\/udruzenjedistroficara.rs\/wp-content\/uploads\/2025\/10\/IMG-968e82a6d5b89076e2c1bf523744713f-V-1400x1050.jpg 1400w, https:\/\/udruzenjedistroficara.rs\/wp-content\/uploads\/2025\/10\/IMG-968e82a6d5b89076e2c1bf523744713f-V.jpg 1600w\" sizes=\"auto, (max-width: 1024px) 100vw, 1024px\" \/><\/figure>\n\n\n\n<figure class=\"wp-block-image size-large\"><img loading=\"lazy\" decoding=\"async\" width=\"1024\" height=\"768\" data-id=\"120\" src=\"https:\/\/udruzenjedistroficara.rs\/wp-content\/uploads\/2025\/10\/IMG-b17f948fb9e382246a839c7a359454f5-V-1024x768.jpg\" alt=\"\" class=\"wp-image-120\" srcset=\"https:\/\/udruzenjedistroficara.rs\/wp-content\/uploads\/2025\/10\/IMG-b17f948fb9e382246a839c7a359454f5-V-1024x768.jpg 1024w, https:\/\/udruzenjedistroficara.rs\/wp-content\/uploads\/2025\/10\/IMG-b17f948fb9e382246a839c7a359454f5-V-300x225.jpg 300w, https:\/\/udruzenjedistroficara.rs\/wp-content\/uploads\/2025\/10\/IMG-b17f948fb9e382246a839c7a359454f5-V-768x576.jpg 768w, https:\/\/udruzenjedistroficara.rs\/wp-content\/uploads\/2025\/10\/IMG-b17f948fb9e382246a839c7a359454f5-V-1536x1152.jpg 1536w, https:\/\/udruzenjedistroficara.rs\/wp-content\/uploads\/2025\/10\/IMG-b17f948fb9e382246a839c7a359454f5-V-1200x900.jpg 1200w, https:\/\/udruzenjedistroficara.rs\/wp-content\/uploads\/2025\/10\/IMG-b17f948fb9e382246a839c7a359454f5-V-1400x1050.jpg 1400w, https:\/\/udruzenjedistroficara.rs\/wp-content\/uploads\/2025\/10\/IMG-b17f948fb9e382246a839c7a359454f5-V.jpg 1600w\" sizes=\"auto, (max-width: 1024px) 100vw, 1024px\" \/><\/figure>\n\n\n\n<figure class=\"wp-block-image size-large\"><img loading=\"lazy\" decoding=\"async\" width=\"1024\" height=\"768\" data-id=\"119\" src=\"https:\/\/udruzenjedistroficara.rs\/wp-content\/uploads\/2025\/10\/IMG-bb114a94f6b707891bde6ffb1673664e-V-1024x768.jpg\" alt=\"\" class=\"wp-image-119\" srcset=\"https:\/\/udruzenjedistroficara.rs\/wp-content\/uploads\/2025\/10\/IMG-bb114a94f6b707891bde6ffb1673664e-V-1024x768.jpg 1024w, https:\/\/udruzenjedistroficara.rs\/wp-content\/uploads\/2025\/10\/IMG-bb114a94f6b707891bde6ffb1673664e-V-300x225.jpg 300w, https:\/\/udruzenjedistroficara.rs\/wp-content\/uploads\/2025\/10\/IMG-bb114a94f6b707891bde6ffb1673664e-V-768x576.jpg 768w, https:\/\/udruzenjedistroficara.rs\/wp-content\/uploads\/2025\/10\/IMG-bb114a94f6b707891bde6ffb1673664e-V-1536x1152.jpg 1536w, https:\/\/udruzenjedistroficara.rs\/wp-content\/uploads\/2025\/10\/IMG-bb114a94f6b707891bde6ffb1673664e-V-1200x900.jpg 1200w, https:\/\/udruzenjedistroficara.rs\/wp-content\/uploads\/2025\/10\/IMG-bb114a94f6b707891bde6ffb1673664e-V-1400x1050.jpg 1400w, https:\/\/udruzenjedistroficara.rs\/wp-content\/uploads\/2025\/10\/IMG-bb114a94f6b707891bde6ffb1673664e-V.jpg 1600w\" sizes=\"auto, (max-width: 1024px) 100vw, 1024px\" \/><\/figure>\n\n\n\n<figure class=\"wp-block-image size-large\"><img loading=\"lazy\" decoding=\"async\" width=\"768\" height=\"1024\" data-id=\"126\" src=\"https:\/\/udruzenjedistroficara.rs\/wp-content\/uploads\/2025\/10\/IMG-d7efe4b6ec0e8baa9ab2a45f5e499754-V-768x1024.jpg\" alt=\"\" class=\"wp-image-126\" srcset=\"https:\/\/udruzenjedistroficara.rs\/wp-content\/uploads\/2025\/10\/IMG-d7efe4b6ec0e8baa9ab2a45f5e499754-V-768x1024.jpg 768w, https:\/\/udruzenjedistroficara.rs\/wp-content\/uploads\/2025\/10\/IMG-d7efe4b6ec0e8baa9ab2a45f5e499754-V-225x300.jpg 225w, https:\/\/udruzenjedistroficara.rs\/wp-content\/uploads\/2025\/10\/IMG-d7efe4b6ec0e8baa9ab2a45f5e499754-V-1152x1536.jpg 1152w, https:\/\/udruzenjedistroficara.rs\/wp-content\/uploads\/2025\/10\/IMG-d7efe4b6ec0e8baa9ab2a45f5e499754-V-300x400.jpg 300w, https:\/\/udruzenjedistroficara.rs\/wp-content\/uploads\/2025\/10\/IMG-d7efe4b6ec0e8baa9ab2a45f5e499754-V.jpg 1200w\" sizes=\"auto, (max-width: 768px) 100vw, 768px\" \/><\/figure>\n\n\n\n<figure class=\"wp-block-image size-large\"><img loading=\"lazy\" decoding=\"async\" width=\"1024\" height=\"768\" data-id=\"127\" src=\"https:\/\/udruzenjedistroficara.rs\/wp-content\/uploads\/2025\/10\/IMG-e685a02c124e3867085d47b7f9cae464-V-1024x768.jpg\" alt=\"\" class=\"wp-image-127\" srcset=\"https:\/\/udruzenjedistroficara.rs\/wp-content\/uploads\/2025\/10\/IMG-e685a02c124e3867085d47b7f9cae464-V-1024x768.jpg 1024w, https:\/\/udruzenjedistroficara.rs\/wp-content\/uploads\/2025\/10\/IMG-e685a02c124e3867085d47b7f9cae464-V-300x225.jpg 300w, https:\/\/udruzenjedistroficara.rs\/wp-content\/uploads\/2025\/10\/IMG-e685a02c124e3867085d47b7f9cae464-V-768x576.jpg 768w, https:\/\/udruzenjedistroficara.rs\/wp-content\/uploads\/2025\/10\/IMG-e685a02c124e3867085d47b7f9cae464-V-1536x1152.jpg 1536w, https:\/\/udruzenjedistroficara.rs\/wp-content\/uploads\/2025\/10\/IMG-e685a02c124e3867085d47b7f9cae464-V-1200x900.jpg 1200w, https:\/\/udruzenjedistroficara.rs\/wp-content\/uploads\/2025\/10\/IMG-e685a02c124e3867085d47b7f9cae464-V-1400x1050.jpg 1400w, https:\/\/udruzenjedistroficara.rs\/wp-content\/uploads\/2025\/10\/IMG-e685a02c124e3867085d47b7f9cae464-V.jpg 1600w\" sizes=\"auto, (max-width: 1024px) 100vw, 1024px\" \/><\/figure>\n<\/figure>\n\n\n\n<p><strong><mark style=\"background-color:rgba(0, 0, 0, 0)\" class=\"has-inline-color has-black-color\">Kontakt<\/mark><\/strong><\/p>\n\n\n\n<p>Adresa: <a href=\"http:\/\/google.com\/maps\/place\/Svetozara+Markovi\u0107a+40a,+Beograd+11000\/data=!4m2!3m1!1s0x475a7aa705ab328d:0xee6cd7ca70d27f87?sa=X&amp;ved=1t:242&amp;ictx=111&amp;hl=sr\">Svetozara Markovi\u0107a 40a, Vra\u010dar<\/a><\/p>\n\n\n\n<p>Telefon: +381 11 3640 452<\/p>\n\n\n\n<p>udbprint@gmail.com<\/p>\n","protected":false},"excerpt":{"rendered":"<p>O nama&nbsp; UDB Grupa doo Beograd posluje od 13.1.2006. godine a osnovano je na Skup\u0161tini Udru\u017eenja distrofi\u010dara Beograda kao preduze\u0107e za zapo\u0161ljavanje osoba sa invaliditetom. Preduze\u0107e se bavi grafi\u010dkim dizajnom, pripremom za \u0161tampu i \u0161tampom, jer je opremljeno ma\u0161inama ali i timom koji je u svakom trenutku je spreman da odgovori na sve zahteve tr\u017eista &hellip;<\/p>\n","protected":false},"author":1,"featured_media":0,"parent":0,"menu_order":0,"comment_status":"closed","ping_status":"closed","template":"","meta":{"_genesis_block_theme_hide_title":false,"footnotes":""},"class_list":["post-111","page","type-page","status-publish","hentry","post","without-featured-image"],"yoast_head":"<!-- This site is optimized with the Yoast SEO plugin v27.0 - https:\/\/yoast.com\/product\/yoast-seo-wordpress\/ -->\n<title>UDB \u0161tampa -<\/title>\n<meta name=\"robots\" content=\"index, follow, max-snippet:-1, max-image-preview:large, max-video-preview:-1\" \/>\n<link rel=\"canonical\" href=\"https:\/\/udruzenjedistroficara.rs\/?page_id=111\" \/>\n<meta property=\"og:locale\" content=\"sr_RS\" \/>\n<meta property=\"og:type\" content=\"article\" \/>\n<meta property=\"og:title\" content=\"UDB \u0161tampa -\" \/>\n<meta property=\"og:description\" content=\"O nama&nbsp; UDB Grupa doo Beograd posluje od 13.1.2006. godine a osnovano je na Skup\u0161tini Udru\u017eenja distrofi\u010dara Beograda kao preduze\u0107e za zapo\u0161ljavanje osoba sa invaliditetom. Preduze\u0107e se bavi grafi\u010dkim dizajnom, pripremom za \u0161tampu i \u0161tampom, jer je opremljeno ma\u0161inama ali i timom koji je u svakom trenutku je spreman da odgovori na sve zahteve tr\u017eista &hellip;\" \/>\n<meta property=\"og:url\" content=\"https:\/\/udruzenjedistroficara.rs\/?page_id=111\" \/>\n<meta property=\"article:modified_time\" content=\"2026-01-16T12:51:50+00:00\" \/>\n<meta property=\"og:image\" content=\"https:\/\/udruzenjedistroficara.rs\/wp-content\/uploads\/2025\/10\/IMG-7d53afa71496bbf35c5cf49fb2fe62a7-V.jpg\" \/>\n\t<meta property=\"og:image:width\" content=\"1600\" \/>\n\t<meta property=\"og:image:height\" content=\"1200\" \/>\n\t<meta property=\"og:image:type\" content=\"image\/jpeg\" \/>\n<meta name=\"twitter:card\" content=\"summary_large_image\" \/>\n<meta name=\"twitter:label1\" content=\"\u041f\u0440\u043e\u0446\u0435\u045a\u0435\u043d\u043e \u0432\u0440\u0435\u043c\u0435 \u0447\u0438\u0442\u0430\u045a\u0430\" \/>\n\t<meta name=\"twitter:data1\" content=\"1 \u043c\u0438\u043d\u0443\u0442\" \/>\n<script type=\"application\/ld+json\" class=\"yoast-schema-graph\">{\"@context\":\"https:\/\/schema.org\",\"@graph\":[{\"@type\":\"WebPage\",\"@id\":\"https:\/\/udruzenjedistroficara.rs\/?page_id=111\",\"url\":\"https:\/\/udruzenjedistroficara.rs\/?page_id=111\",\"name\":\"UDB \u0161tampa -\",\"isPartOf\":{\"@id\":\"https:\/\/udruzenjedistroficara.rs\/#website\"},\"primaryImageOfPage\":{\"@id\":\"https:\/\/udruzenjedistroficara.rs\/?page_id=111#primaryimage\"},\"image\":{\"@id\":\"https:\/\/udruzenjedistroficara.rs\/?page_id=111#primaryimage\"},\"thumbnailUrl\":\"https:\/\/udruzenjedistroficara.rs\/wp-content\/uploads\/2025\/10\/IMG-7d53afa71496bbf35c5cf49fb2fe62a7-V-1024x768.jpg\",\"datePublished\":\"2025-10-15T11:32:15+00:00\",\"dateModified\":\"2026-01-16T12:51:50+00:00\",\"breadcrumb\":{\"@id\":\"https:\/\/udruzenjedistroficara.rs\/?page_id=111#breadcrumb\"},\"inLanguage\":\"sr-RS\",\"potentialAction\":[{\"@type\":\"ReadAction\",\"target\":[\"https:\/\/udruzenjedistroficara.rs\/?page_id=111\"]}]},{\"@type\":\"ImageObject\",\"inLanguage\":\"sr-RS\",\"@id\":\"https:\/\/udruzenjedistroficara.rs\/?page_id=111#primaryimage\",\"url\":\"https:\/\/udruzenjedistroficara.rs\/wp-content\/uploads\/2025\/10\/IMG-7d53afa71496bbf35c5cf49fb2fe62a7-V.jpg\",\"contentUrl\":\"https:\/\/udruzenjedistroficara.rs\/wp-content\/uploads\/2025\/10\/IMG-7d53afa71496bbf35c5cf49fb2fe62a7-V.jpg\",\"width\":1600,\"height\":1200},{\"@type\":\"BreadcrumbList\",\"@id\":\"https:\/\/udruzenjedistroficara.rs\/?page_id=111#breadcrumb\",\"itemListElement\":[{\"@type\":\"ListItem\",\"position\":1,\"name\":\"Home\",\"item\":\"https:\/\/udruzenjedistroficara.rs\/\"},{\"@type\":\"ListItem\",\"position\":2,\"name\":\"UDB \u0161tampa\"}]},{\"@type\":\"WebSite\",\"@id\":\"https:\/\/udruzenjedistroficara.rs\/#website\",\"url\":\"https:\/\/udruzenjedistroficara.rs\/\",\"name\":\"\",\"description\":\"\",\"potentialAction\":[{\"@type\":\"SearchAction\",\"target\":{\"@type\":\"EntryPoint\",\"urlTemplate\":\"https:\/\/udruzenjedistroficara.rs\/?s={search_term_string}\"},\"query-input\":{\"@type\":\"PropertyValueSpecification\",\"valueRequired\":true,\"valueName\":\"search_term_string\"}}],\"inLanguage\":\"sr-RS\"}]}<\/script>\n<!-- \/ Yoast SEO plugin. -->","yoast_head_json":{"title":"UDB \u0161tampa -","robots":{"index":"index","follow":"follow","max-snippet":"max-snippet:-1","max-image-preview":"max-image-preview:large","max-video-preview":"max-video-preview:-1"},"canonical":"https:\/\/udruzenjedistroficara.rs\/?page_id=111","og_locale":"sr_RS","og_type":"article","og_title":"UDB \u0161tampa -","og_description":"O nama&nbsp; UDB Grupa doo Beograd posluje od 13.1.2006. godine a osnovano je na Skup\u0161tini Udru\u017eenja distrofi\u010dara Beograda kao preduze\u0107e za zapo\u0161ljavanje osoba sa invaliditetom. Preduze\u0107e se bavi grafi\u010dkim dizajnom, pripremom za \u0161tampu i \u0161tampom, jer je opremljeno ma\u0161inama ali i timom koji je u svakom trenutku je spreman da odgovori na sve zahteve tr\u017eista &hellip;","og_url":"https:\/\/udruzenjedistroficara.rs\/?page_id=111","article_modified_time":"2026-01-16T12:51:50+00:00","og_image":[{"width":1600,"height":1200,"url":"https:\/\/udruzenjedistroficara.rs\/wp-content\/uploads\/2025\/10\/IMG-7d53afa71496bbf35c5cf49fb2fe62a7-V.jpg","type":"image\/jpeg"}],"twitter_card":"summary_large_image","twitter_misc":{"\u041f\u0440\u043e\u0446\u0435\u045a\u0435\u043d\u043e \u0432\u0440\u0435\u043c\u0435 \u0447\u0438\u0442\u0430\u045a\u0430":"1 \u043c\u0438\u043d\u0443\u0442"},"schema":{"@context":"https:\/\/schema.org","@graph":[{"@type":"WebPage","@id":"https:\/\/udruzenjedistroficara.rs\/?page_id=111","url":"https:\/\/udruzenjedistroficara.rs\/?page_id=111","name":"UDB \u0161tampa -","isPartOf":{"@id":"https:\/\/udruzenjedistroficara.rs\/#website"},"primaryImageOfPage":{"@id":"https:\/\/udruzenjedistroficara.rs\/?page_id=111#primaryimage"},"image":{"@id":"https:\/\/udruzenjedistroficara.rs\/?page_id=111#primaryimage"},"thumbnailUrl":"https:\/\/udruzenjedistroficara.rs\/wp-content\/uploads\/2025\/10\/IMG-7d53afa71496bbf35c5cf49fb2fe62a7-V-1024x768.jpg","datePublished":"2025-10-15T11:32:15+00:00","dateModified":"2026-01-16T12:51:50+00:00","breadcrumb":{"@id":"https:\/\/udruzenjedistroficara.rs\/?page_id=111#breadcrumb"},"inLanguage":"sr-RS","potentialAction":[{"@type":"ReadAction","target":["https:\/\/udruzenjedistroficara.rs\/?page_id=111"]}]},{"@type":"ImageObject","inLanguage":"sr-RS","@id":"https:\/\/udruzenjedistroficara.rs\/?page_id=111#primaryimage","url":"https:\/\/udruzenjedistroficara.rs\/wp-content\/uploads\/2025\/10\/IMG-7d53afa71496bbf35c5cf49fb2fe62a7-V.jpg","contentUrl":"https:\/\/udruzenjedistroficara.rs\/wp-content\/uploads\/2025\/10\/IMG-7d53afa71496bbf35c5cf49fb2fe62a7-V.jpg","width":1600,"height":1200},{"@type":"BreadcrumbList","@id":"https:\/\/udruzenjedistroficara.rs\/?page_id=111#breadcrumb","itemListElement":[{"@type":"ListItem","position":1,"name":"Home","item":"https:\/\/udruzenjedistroficara.rs\/"},{"@type":"ListItem","position":2,"name":"UDB \u0161tampa"}]},{"@type":"WebSite","@id":"https:\/\/udruzenjedistroficara.rs\/#website","url":"https:\/\/udruzenjedistroficara.rs\/","name":"","description":"","potentialAction":[{"@type":"SearchAction","target":{"@type":"EntryPoint","urlTemplate":"https:\/\/udruzenjedistroficara.rs\/?s={search_term_string}"},"query-input":{"@type":"PropertyValueSpecification","valueRequired":true,"valueName":"search_term_string"}}],"inLanguage":"sr-RS"}]}},"featured_image_src":null,"featured_image_src_square":null,"_links":{"self":[{"href":"https:\/\/udruzenjedistroficara.rs\/index.php?rest_route=\/wp\/v2\/pages\/111","targetHints":{"allow":["GET"]}}],"collection":[{"href":"https:\/\/udruzenjedistroficara.rs\/index.php?rest_route=\/wp\/v2\/pages"}],"about":[{"href":"https:\/\/udruzenjedistroficara.rs\/index.php?rest_route=\/wp\/v2\/types\/page"}],"author":[{"embeddable":true,"href":"https:\/\/udruzenjedistroficara.rs\/index.php?rest_route=\/wp\/v2\/users\/1"}],"replies":[{"embeddable":true,"href":"https:\/\/udruzenjedistroficara.rs\/index.php?rest_route=%2Fwp%2Fv2%2Fcomments&post=111"}],"version-history":[{"count":1,"href":"https:\/\/udruzenjedistroficara.rs\/index.php?rest_route=\/wp\/v2\/pages\/111\/revisions"}],"predecessor-version":[{"id":216,"href":"https:\/\/udruzenjedistroficara.rs\/index.php?rest_route=\/wp\/v2\/pages\/111\/revisions\/216"}],"wp:attachment":[{"href":"https:\/\/udruzenjedistroficara.rs\/index.php?rest_route=%2Fwp%2Fv2%2Fmedia&parent=111"}],"curies":[{"name":"wp","href":"https:\/\/api.w.org\/{rel}","templated":true}]}}